{"id":10,"date":"2019-01-27T16:16:35","date_gmt":"2019-01-27T16:16:35","guid":{"rendered":"https:\/\/diegozuelli.it\/?page_id=10"},"modified":"2023-03-06T12:24:35","modified_gmt":"2023-03-06T12:24:35","slug":"bio","status":"publish","type":"page","link":"https:\/\/diegozuelli.it\/?page_id=10","title":{"rendered":"bio"},"content":{"rendered":"\n<p class=\"has-small-font-size\"><strong>selected personal show<\/strong><span class=\"testopiccolo\"><strong><br>         <br><\/strong><\/span>         <\/p>\n\n\n\n<p class=\"has-small-font-size\">         2020 <em>Pattern<\/em>. Tokyo. Istituto Italiano di Cultura,<br>         2018 <em>non essere sicuri non \u00e8 vero<\/em>, LocaleDue, Bologna, a cura di Gabriele Tosi<br>         2015 <em>The simple combinations<\/em>, Contemporary Locus, Bergamo, sito web. a cura di Paola Tognon<br>         2013 <em>Il complesso dei pianeti<\/em>, Interno4, Bologna<br>         2012<em> A retrospective,<\/em>  Zajia Lab Beijing Project Space, Beijing. China.<br>         2010 <em>non c\u2019\u00e8 suspance, n\u00e9 morale, n\u00e9 causa ed effetti<\/em>, Betta Frigieri Arte Contemporanea, Modena<br>         2009  <em>diversa proiezione<\/em>, Bologna, Galleria Studio G7<br>         2007 <em>prospettive temporali<\/em>, Betta Frigieri, Sassuolo (Mo)<br>         2005 <em>esposizioni ultrarapide<\/em>, Artopia, Milan.<br><br><span class=\"testo style11\"><strong>selected group exhibitions<\/strong><\/span><br><br>         2018 Biennale del Disegno &#8211; Castel Sismondo, Rimini<br>         2017 Bologna dopo Morandi, 1947 &#8211; 2015. Palazzo Fava, Bologna<br><em>\u00a0\u00a0\u00a0\u00a0\u00a0\u00a0 \u00a0\u00a0<\/em>Iteration and blending &#8211; 4th Edition of Beijing Film Academy, Pechino, Cina.<br>         2016 <em>Effimera &#8211; Relazioni Disarmoniche<\/em>. Mata, Modena.<br>           2014 <em>Fellini all\u2019opera<\/em>. Teatro Galli, Rimini.<br>           2013 <em> Archetipi della videoarte: trentasei artisti italiani contemporanei<\/em>. Vicenza, Basilica Palladiana.<br><em>\u00a0\u00a0\u00a0\u00a0\u00a0\u00a0\u00a0\u00a01st Shenzhen Independent Animation Biennale.<\/em> Nanshan District, Shenzhen<br><em> \u00a0\u00a0\u00a0\u00a0\u00a0\u00a0\u00a0\u00a0The Garden of forking paths &#8211; Exploring Independent Animation<\/em>. OCAT, Shanghai<br>           2012 <span class=\"testo\"><em>Open Sky<\/em><\/span>&#8211;  Changjianghui Contemporary Art Museum,           Chongqing, China<br><em>\u00a0\u00a0\u00a0\u00a0\u00a0\u00a0\u00a0\u00a0\u00a0Antonello Ghezzi \/ Bianco-Valente \/ Diego Zuelli &#8211; Casabianca, Bologna<br>             \u00a0\u00a0\u00a0\u00a0\u00a0\u00a0\u00a0\u00a0\u00a0Whatever you want. New Media Show<\/em>. Renwoxing Space, Beijing<strong><br>               <\/strong>2011                <em>Sulla Fotografia.<\/em> Rocca Malatestiana, Fano<br><em>Playing with Borders<\/em>. Space A &#8211; for alternative art practice, Kathmandu<br>           2010           <em>City Limits &#8211; Close your eyes and dream<\/em>. Tongji University, Shanghai<br><em>DRAFT. Performing Videoart and Music.<\/em> Bologna, Palazzo Re Enzo<br>           2008           <em>Drawings in action<\/em>, Prato, Pecci Museum<br>           2005<em> Mulhouse 005 &#8211; la creation contemporaine<\/em>, Mulhouse, France<br><em>Ouverture<\/em>, New York, Ex Eggs &#8211; Enviroments.Art.Space <br>           2004<em> Empowerment. Cantiere Italia, <\/em>Genova<br><em>Chance,<\/em> T293, Naples<br><em>\u00a0Space is the place 03<\/em>, TPO, Bologna.<br>           2003           <em>Ad\u2019A. Area d\u2019Azione<\/em>, Rocca Sforzesca, Imola<br><em>PLAY,<\/em> Careof, Milan<br>           \u00a0\u00a0\u00a0\u00a0\u00a0\u00a0\u00a0\u00a0\u00a011th Biennale of Young Artists from Europe and Mediterranean, Athens<br>           \u00a0\u00a0\u00a0\u00a0\u00a0\u00a0\u00a0\u00a0\u00a0Iceberg 03,  Palazzo Re Enzo, Bologna<br><\/p>\n\n\n\n<p class=\"has-small-font-size\">  <br><strong>Classes\/Lectures<\/strong>  <\/p>\n\n\n\n<p class=\"has-small-font-size\">2011-18&nbsp;&nbsp;&nbsp;<em>&nbsp;&nbsp;&nbsp;&nbsp;&nbsp;Digital Animation Techniques<\/em> class &#8211; Milan Fine Art Academy<br>         2016&nbsp;&nbsp;&nbsp;<em>&nbsp;&nbsp;&nbsp;&nbsp;&nbsp;&nbsp;&nbsp;&nbsp;&nbsp;&nbsp;<\/em>Workshop on video at Fotografia Europea 11 festival, Reggio Emilia<br>          2012&nbsp;&nbsp;&nbsp;<em>&nbsp;&nbsp;&nbsp;&nbsp;&nbsp;&nbsp;&nbsp;&nbsp;&nbsp;&nbsp;<\/em>Lecture at White Box Museum, 798 Art District, Beijing.<br>          2011&nbsp;&nbsp; <em>&nbsp;&nbsp;&nbsp;&nbsp;&nbsp;&nbsp;&nbsp;&nbsp;&nbsp; <\/em>Lecture at Accademia di Bergamo. Agustin Sanchez\u2019 \u201cVisual arts digital applications\u201d class        <br>         2009<em>&nbsp;&nbsp;&nbsp;<em>&nbsp;&nbsp;&nbsp;&nbsp;&nbsp;&nbsp;&nbsp;&nbsp;&nbsp;&nbsp;Digital Animation Techniques class &#8211; <\/em><\/em>Accademia Belle Arti di Bologna <br>          2008&nbsp;&nbsp;&nbsp;<em>&nbsp;&nbsp;&nbsp;&nbsp;&nbsp;&nbsp;&nbsp;&nbsp;&nbsp;&nbsp;<\/em>Lecture at Accademia Milan Fine Art Academy, Luca Panaro\u2019s \u201cNew media Estetics\u201d class<br>         <br>         <span class=\"testo style11\"><strong>Screenings<\/strong><\/span><br>         <br>         2018 <em>&#8220;NO MIDDLE, NO END<\/em>&#8220;, centre for Contemporary Art, Gda\u0144sk, Poland.<br>         2017<em> In Your Dreams I Am a Landscape<\/em> &#8211; La Casa del Cinema, Venice. <br>         2016 <em> Digital Vertigo<\/em>: A carte Blanche of digital video art. IkonoTV<br>         2015<em> Artype: arch\u00e9types de l\u2019art vid\u00e9o italien contemporain<\/em>, Montreal<br>         2012 <em>Videoart yearbook 2012,<\/em> Bologna<br>         2011 <em>All Around Videos <\/em>&#8211; Franco Soffiantino Gallery, Torino, lecture by Fabiola Naldi<br>       2009 <em>VideoArtVerona<\/em>, ArtVerona 09 Fair, Verona, curated by Maria Rosa Sossai <br>       2008 <em>VideoArt Yearbook 2008<\/em>, Galleria Civica in Trento (Parallel Events to Manifesta)<br>       2006  <em>Contrechamp 3<\/em> : Sp\u00e9cial animation, Nantes, France \u201cLe Cin\u00e9matographe&#8221;<br>       2003 <em>Tent <\/em>&#8211; Centrum Beeldende Kunst, Rotterdam, Holland, curated by Arno van Roosmalen and Esther de Leeuwe<br> &nbsp;&nbsp;&nbsp;&nbsp;&nbsp;&nbsp;&nbsp;&nbsp;&nbsp;<em>Anigma<\/em>, Levall Gallery, Novosibirsk, Russia<br> 2002 <em>The Rencontres Internationales,<\/em> Paris<strong><br>                                     <\/strong><br>                                     <br>                     <strong class=\"testo style11\">Workshops, residences, special projects<\/strong><br>                   <br>                                                         <span lang=\"en-GB\">                    2015<em> The simple combinations<\/em>, Contemporary Locus&#8217; website and iOS and Android app<br>                   2012 Caochangdi, Beijing<\/span>,  with Lab-Yit | The Italian Contemporary Art Platform in China<br>         2007 <em>Art waiting room<\/em>,  LAGO, Padova<br>         <em>&nbsp;&nbsp;&nbsp;&nbsp;&nbsp;&nbsp;&nbsp;&nbsp;&nbsp;Workshop<\/em> &#8220;Premio Campigna&#8221;. Santa Sofia, Visiting professors: Anne and Patrick Poirier<br>         2006 <em>Neverending Cinema\/ Cinema Infinito<\/em>, workshop by Zimmerfrei at Galleria Civica, Trento.<br>         2005 <em>Ouverture<\/em>,  Ex Eggs &#8211; Enviroments.Art.Space; New York<br><\/p>\n\n\n\n<p class=\"has-small-font-size\"><br>\n      <span class=\"style11 testo\"><strong>altro\/ other<\/strong><\/span><br>\n      <br>\n      <b>2002<\/b><br>\n      Co-director and animation director for the videoclip\/short &#8220;Little Numba&#8221; (music by Mira Calix)<br>\n      &#8211; audience prize, Vallecas Festival 2002, Spagna<br>\n      &#8211; audience prize, Fundacio Aca, Portogallo 2002<br>\n      &#8211; selected by WARP RECORDS for the magazine CREATIVE REVIEW<br>\n      &#8211; &#8220;Best italian short film&#8221;, festival Arcipelago 2002, Roma<br>\n      &#8211; Project \n      Team Doga 2003, Japan<br>\n      <br>\n      <b>2001<\/b><br>\n      Co-director for the cg 35mm short film &#8220;Le foto dello scandalo&#8221;<br>\n      &#8211; \u201cMiglior produzione Europea 2001&#8243;, IMAGINA, Francia<br>\n      &#8211; &#8220;Grand Prize&#8221;, World Animation Celebration 2001, Los Angeles<br>\n      &#8211; \u201cMiglior corto di animazione europeo\u201d, Genzano FilmFestival 2001, Roma<br>\n      &#8211; \u201cMiglior film europeo\u201d, Castelli animati 2001, Roma<br>\n      &#8211; first prize at Project Team Doga, Japan<br>\n      &#8211; &#8220;Miglior video italiano di animazione&#8221;, festival Arcipelago 2000, Roma<b><br>\n        <br>\n        2000 &#8211; 1999<br>\n        <\/b>works for the making of &#8220;Macchine ad energia lunare&#8221; (BetaCam, 9min, 1999) \n      on music score by Pat Metheny, as animation director<br>\n      &#8211; Giglio D&#8217;argento, Valdarno Film Festival 1999<br>\n      &#8211; Third place, Vancouver Effects and Animation Festival 1999 (Canada)<br>\n  <\/p>\n","protected":false},"excerpt":{"rendered":"<p>selected personal show 2020 Pattern. Tokyo. Istituto Italiano di Cultura, 2018 non essere sicuri non \u00e8 vero, LocaleDue, Bologna, a cura di Gabriele Tosi 2015 The simple combinations, Contemporary Locus, Bergamo, sito web. a cura di Paola Tognon 2013 Il complesso dei pianeti, Interno4, Bologna 2012 A retrospective, Zajia Lab&hellip; <\/p>\n","protected":false},"author":1,"featured_media":0,"parent":0,"menu_order":2,"comment_status":"closed","ping_status":"closed","template":"","meta":{"_monsterinsights_skip_tracking":false,"_monsterinsights_sitenote_active":false,"_monsterinsights_sitenote_note":"","_monsterinsights_sitenote_category":0,"footnotes":""},"class_list":["post-10","page","type-page","status-publish","hentry"],"_links":{"self":[{"href":"https:\/\/diegozuelli.it\/index.php?rest_route=\/wp\/v2\/pages\/10","targetHints":{"allow":["GET"]}}],"collection":[{"href":"https:\/\/diegozuelli.it\/index.php?rest_route=\/wp\/v2\/pages"}],"about":[{"href":"https:\/\/diegozuelli.it\/index.php?rest_route=\/wp\/v2\/types\/page"}],"author":[{"embeddable":true,"href":"https:\/\/diegozuelli.it\/index.php?rest_route=\/wp\/v2\/users\/1"}],"replies":[{"embeddable":true,"href":"https:\/\/diegozuelli.it\/index.php?rest_route=%2Fwp%2Fv2%2Fcomments&post=10"}],"version-history":[{"count":10,"href":"https:\/\/diegozuelli.it\/index.php?rest_route=\/wp\/v2\/pages\/10\/revisions"}],"predecessor-version":[{"id":452,"href":"https:\/\/diegozuelli.it\/index.php?rest_route=\/wp\/v2\/pages\/10\/revisions\/452"}],"wp:attachment":[{"href":"https:\/\/diegozuelli.it\/index.php?rest_route=%2Fwp%2Fv2%2Fmedia&parent=10"}],"curies":[{"name":"wp","href":"https:\/\/api.w.org\/{rel}","templated":true}]}}