{"id":218,"date":"2019-01-28T22:17:53","date_gmt":"2019-01-28T22:17:53","guid":{"rendered":"https:\/\/diegozuelli.it\/?page_id=218"},"modified":"2019-02-03T16:43:27","modified_gmt":"2019-02-03T16:43:27","slug":"simple-combinations-2015","status":"publish","type":"page","link":"https:\/\/diegozuelli.it\/?page_id=218","title":{"rendered":"simple combinations (2015)"},"content":{"rendered":"\n<h2 class=\"wp-block-heading\"><strong>combinazioni semplici<\/strong> (the simple combinations)<\/h2>\n\n\n\n<figure class=\"wp-block-image\"><img loading=\"lazy\" decoding=\"async\" width=\"580\" height=\"580\" src=\"https:\/\/diegozuelli.it\/wp-content\/uploads\/2019\/01\/2015_5_20.gif\" alt=\"\" class=\"wp-image-222\"\/><\/figure>\n\n\n\n<p style=\"font-size:10px\" class=\"didascalia\"><strong>combinazioni semplici<\/strong>, 2015,<br>drawings, software, GIF Animations. Courtesy: Contemporary Locus, Anna and Francesco Tampieri collection<\/p>\n\n\n\n<div class=\"wp-block-columns has-2-columns is-layout-flex wp-container-core-columns-is-layout-9d6595d7 wp-block-columns-is-layout-flex\">\n<div class=\"wp-block-column is-layout-flow wp-block-column-is-layout-flow\">\nOgni giorno, sul sito di <a href=\"http:\/\/contemporarylocus.it\/combinazionisemplici\/\">Contemporary Locus<\/a>, le cifre di&nbsp;giorno, mese e anno sono trasformate in una sequenza numerica che guida la creazione di un disegno. Un algoritmo \u2013 in matematica una&nbsp;combinazione semplice &#8211; fonde&nbsp;vari elementi disegnati per comporre un&#8217;immagine animata. Ogni ventiquattro ore si crea un nuovo disegno. Il numero di elementi disegnati \u00e8 relativamente circoscritto perci\u00f2 sono contemplate similarit\u00e0 e sovrapposizioni. L&#8217;algoritmo \u00e8 ideato per creare un&#8217;immagine con qualsiasi data passata, presente e futura, sino al 31.12.9999.\n<\/div>\n\n\n\n<div class=\"wp-block-column is-layout-flow wp-block-column-is-layout-flow\">\nMade for <a href=\"http:\/\/contemporarylocus.it\/combinazionisemplici\/\">Contemporary Locus<\/a>&#8216; website, everyday, the current day, month and year digits are transformed in a mathematical seed that guides the creation of a drawing. An algorithm, a simple combination in maths, composes together various drawn elements forming an animated picture. Everyday a new picture is composed. The drawn element number is limited so overlappings and similarities are possible. The algorithm is designed to create a picture with every past, present and future date, till 31.12.9999.\n<\/div>\n<\/div>\n","protected":false},"excerpt":{"rendered":"<p>combinazioni semplici (the simple combinations) combinazioni semplici, 2015,drawings, software, GIF Animations. Courtesy: Contemporary Locus, Anna and Francesco Tampieri collection Ogni giorno, sul sito di Contemporary Locus, le cifre di&nbsp;giorno, mese e anno sono trasformate in una sequenza numerica che guida la creazione di un disegno. Un algoritmo \u2013 in matematica&hellip; <\/p>\n","protected":false},"author":1,"featured_media":0,"parent":0,"menu_order":0,"comment_status":"closed","ping_status":"closed","template":"","meta":{"_monsterinsights_skip_tracking":false,"_monsterinsights_sitenote_active":false,"_monsterinsights_sitenote_note":"","_monsterinsights_sitenote_category":0,"footnotes":""},"class_list":["post-218","page","type-page","status-publish","hentry"],"_links":{"self":[{"href":"https:\/\/diegozuelli.it\/index.php?rest_route=\/wp\/v2\/pages\/218","targetHints":{"allow":["GET"]}}],"collection":[{"href":"https:\/\/diegozuelli.it\/index.php?rest_route=\/wp\/v2\/pages"}],"about":[{"href":"https:\/\/diegozuelli.it\/index.php?rest_route=\/wp\/v2\/types\/page"}],"author":[{"embeddable":true,"href":"https:\/\/diegozuelli.it\/index.php?rest_route=\/wp\/v2\/users\/1"}],"replies":[{"embeddable":true,"href":"https:\/\/diegozuelli.it\/index.php?rest_route=%2Fwp%2Fv2%2Fcomments&post=218"}],"version-history":[{"count":5,"href":"https:\/\/diegozuelli.it\/index.php?rest_route=\/wp\/v2\/pages\/218\/revisions"}],"predecessor-version":[{"id":304,"href":"https:\/\/diegozuelli.it\/index.php?rest_route=\/wp\/v2\/pages\/218\/revisions\/304"}],"wp:attachment":[{"href":"https:\/\/diegozuelli.it\/index.php?rest_route=%2Fwp%2Fv2%2Fmedia&parent=218"}],"curies":[{"name":"wp","href":"https:\/\/api.w.org\/{rel}","templated":true}]}}