{"id":302,"date":"2019-02-03T16:41:09","date_gmt":"2019-02-03T16:41:09","guid":{"rendered":"https:\/\/diegozuelli.it\/?page_id=302"},"modified":"2019-02-03T16:41:10","modified_gmt":"2019-02-03T16:41:10","slug":"tentativi-di-paesaggio-2018-2-2-3-2-2","status":"publish","type":"page","link":"https:\/\/diegozuelli.it\/?page_id=302","title":{"rendered":"la solita, cosmica mancanza di significato (2010)"},"content":{"rendered":"\n<h1 class=\"wp-block-heading\" style=\"text-align:left\"><strong>la solita, cosmica mancanza di significato<\/strong><\/h1>\n\n\n\n<div class=\"wp-block-columns has-2-columns is-layout-flex wp-container-core-columns-is-layout-9d6595d7 wp-block-columns-is-layout-flex\">\n<div class=\"wp-block-column is-layout-flow wp-block-column-is-layout-flow\">\n<figure class=\"wp-block-image\"><img loading=\"lazy\" decoding=\"async\" width=\"850\" height=\"566\" src=\"https:\/\/diegozuelli.it\/wp-content\/uploads\/2019\/01\/lasolitacosmica_A2.jpg\" alt=\"\" class=\"wp-image-87\" srcset=\"https:\/\/diegozuelli.it\/wp-content\/uploads\/2019\/01\/lasolitacosmica_A2.jpg 850w, https:\/\/diegozuelli.it\/wp-content\/uploads\/2019\/01\/lasolitacosmica_A2-300x200.jpg 300w, https:\/\/diegozuelli.it\/wp-content\/uploads\/2019\/01\/lasolitacosmica_A2-768x511.jpg 768w\" sizes=\"auto, (max-width: 850px) 100vw, 850px\" \/><\/figure>\n<\/div>\n\n\n\n<div class=\"wp-block-column is-layout-flow wp-block-column-is-layout-flow\">\n<figure class=\"wp-block-image\"><img loading=\"lazy\" decoding=\"async\" width=\"850\" height=\"566\" src=\"https:\/\/diegozuelli.it\/wp-content\/uploads\/2019\/01\/lasolitacosmica_B2.jpg\" alt=\"\" class=\"wp-image-89\" srcset=\"https:\/\/diegozuelli.it\/wp-content\/uploads\/2019\/01\/lasolitacosmica_B2.jpg 850w, https:\/\/diegozuelli.it\/wp-content\/uploads\/2019\/01\/lasolitacosmica_B2-300x200.jpg 300w, https:\/\/diegozuelli.it\/wp-content\/uploads\/2019\/01\/lasolitacosmica_B2-768x511.jpg 768w\" sizes=\"auto, (max-width: 850px) 100vw, 850px\" \/><\/figure>\n<\/div>\n<\/div>\n\n\n\n<p style=\"font-size:10px\" class=\"didascalia\"><strong>la solita, cosmica mancanza di significato, <\/strong>2010<br>Plotter print on dibond, 80x53cm each<\/p>\n\n\n\n<p>These two photographic prints were put aside the video installation &#8220;non c&#8217;\u00e8 suspense, n\u00e9 morale, n\u00e9 cause ed effetti&#8221;, in the same solo show.<br>A sort of fake behind the scenes, since the asteroid is a 3D computer graphics image, both in the video and in these prints. The title is a quotation from Philip K. Dick. (The World Jones Made, 1956, tran: the usual, cosmic lack of meaning)<br><\/p>\n","protected":false},"excerpt":{"rendered":"<p>la solita, cosmica mancanza di significato la solita, cosmica mancanza di significato, 2010Plotter print on dibond, 80x53cm each These two photographic prints were put aside the video installation &#8220;non c&#8217;\u00e8 suspense, n\u00e9 morale, n\u00e9 cause ed effetti&#8221;, in the same solo show.A sort of fake behind the scenes, since the&hellip; <\/p>\n","protected":false},"author":1,"featured_media":0,"parent":0,"menu_order":0,"comment_status":"closed","ping_status":"closed","template":"","meta":{"_monsterinsights_skip_tracking":false,"_monsterinsights_sitenote_active":false,"_monsterinsights_sitenote_note":"","_monsterinsights_sitenote_category":0,"footnotes":""},"class_list":["post-302","page","type-page","status-publish","hentry"],"_links":{"self":[{"href":"https:\/\/diegozuelli.it\/index.php?rest_route=\/wp\/v2\/pages\/302","targetHints":{"allow":["GET"]}}],"collection":[{"href":"https:\/\/diegozuelli.it\/index.php?rest_route=\/wp\/v2\/pages"}],"about":[{"href":"https:\/\/diegozuelli.it\/index.php?rest_route=\/wp\/v2\/types\/page"}],"author":[{"embeddable":true,"href":"https:\/\/diegozuelli.it\/index.php?rest_route=\/wp\/v2\/users\/1"}],"replies":[{"embeddable":true,"href":"https:\/\/diegozuelli.it\/index.php?rest_route=%2Fwp%2Fv2%2Fcomments&post=302"}],"version-history":[{"count":1,"href":"https:\/\/diegozuelli.it\/index.php?rest_route=\/wp\/v2\/pages\/302\/revisions"}],"predecessor-version":[{"id":303,"href":"https:\/\/diegozuelli.it\/index.php?rest_route=\/wp\/v2\/pages\/302\/revisions\/303"}],"wp:attachment":[{"href":"https:\/\/diegozuelli.it\/index.php?rest_route=%2Fwp%2Fv2%2Fmedia&parent=302"}],"curies":[{"name":"wp","href":"https:\/\/api.w.org\/{rel}","templated":true}]}}