{"id":311,"date":"2019-02-03T16:58:22","date_gmt":"2019-02-03T16:58:22","guid":{"rendered":"https:\/\/diegozuelli.it\/?page_id=311"},"modified":"2019-03-17T23:59:20","modified_gmt":"2019-03-17T23:59:20","slug":"8-minuti-luce-2016-2-2-2-2","status":"publish","type":"page","link":"https:\/\/diegozuelli.it\/?page_id=311","title":{"rendered":"non c&#8217;\u00e8 suspense, n\u00e9 morale, n\u00e9 cause ed effetti (2010)"},"content":{"rendered":"\n<h2 class=\"wp-block-heading\"><strong><em>non c&#8217;\u00e8 suspense, n\u00e9 morale, n\u00e9 cause ed effetti<\/em><\/strong> <\/h2>\n\n\n\n<figure class=\"wp-block-image is-resized\"><img loading=\"lazy\" decoding=\"async\" src=\"https:\/\/diegozuelli.it\/wp-content\/uploads\/2019\/01\/front_03.jpg\" alt=\"\" class=\"wp-image-78\" width=\"918\" height=\"380\" srcset=\"https:\/\/diegozuelli.it\/wp-content\/uploads\/2019\/01\/front_03.jpg 918w, https:\/\/diegozuelli.it\/wp-content\/uploads\/2019\/01\/front_03-300x124.jpg 300w, https:\/\/diegozuelli.it\/wp-content\/uploads\/2019\/01\/front_03-768x318.jpg 768w\" sizes=\"auto, (max-width: 918px) 100vw, 918px\" \/><\/figure>\n\n\n\n<div class=\"wp-block-columns has-2-columns is-layout-flex wp-container-core-columns-is-layout-9d6595d7 wp-block-columns-is-layout-flex\">\n<div class=\"wp-block-column is-layout-flow wp-block-column-is-layout-flow\">\n<figure class=\"wp-block-image is-resized\"><a href=\"https:\/\/diegozuelli.it\/wp-content\/uploads\/2019\/01\/front_02.jpg\"><img loading=\"lazy\" decoding=\"async\" src=\"https:\/\/diegozuelli.it\/wp-content\/uploads\/2019\/01\/front_02.jpg\" alt=\"\" class=\"wp-image-77\" width=\"325\" height=\"183\" srcset=\"https:\/\/diegozuelli.it\/wp-content\/uploads\/2019\/01\/front_02.jpg 650w, https:\/\/diegozuelli.it\/wp-content\/uploads\/2019\/01\/front_02-300x169.jpg 300w\" sizes=\"auto, (max-width: 325px) 100vw, 325px\" \/><\/a><\/figure>\n<\/div>\n\n\n\n<div class=\"wp-block-column is-layout-flow wp-block-column-is-layout-flow\">\n<figure class=\"wp-block-image is-resized\"><a href=\"https:\/\/diegozuelli.it\/wp-content\/uploads\/2019\/02\/asteroide_cielonuvole.jpg\"><img loading=\"lazy\" decoding=\"async\" src=\"https:\/\/diegozuelli.it\/wp-content\/uploads\/2019\/02\/asteroide_cielonuvole-1024x576.jpg\" alt=\"\" class=\"wp-image-313\" width=\"325\" height=\"182\" srcset=\"https:\/\/diegozuelli.it\/wp-content\/uploads\/2019\/02\/asteroide_cielonuvole-1024x576.jpg 1024w, https:\/\/diegozuelli.it\/wp-content\/uploads\/2019\/02\/asteroide_cielonuvole-300x169.jpg 300w, https:\/\/diegozuelli.it\/wp-content\/uploads\/2019\/02\/asteroide_cielonuvole-768x432.jpg 768w, https:\/\/diegozuelli.it\/wp-content\/uploads\/2019\/02\/asteroide_cielonuvole.jpg 1280w\" sizes=\"auto, (max-width: 325px) 100vw, 325px\" \/><\/a><\/figure>\n<\/div>\n<\/div>\n\n\n\n<p style=\"font-size:10px\" class=\"didascalia\"><strong><em>non c&#8217;\u00e8 suspense, n\u00e9 morale, n\u00e9 cause ed effetti,<\/em><\/strong> 2010<br>two channel HD video installation, 3d computer graphics, stereo sound.<\/p>\n\n\n\n<div class=\"wp-block-columns has-2-columns is-layout-flex wp-container-core-columns-is-layout-9d6595d7 wp-block-columns-is-layout-flex\">\n<div class=\"wp-block-column is-layout-flow wp-block-column-is-layout-flow\">\n<p>La frase che d\u00e0 il titolo a questo progetto \u00e8 una citazione dal romanzo Mattatoio n.5 di Kurt Vonnegut: \u201cNon c\u2019\u00e8 principio, parte di mezzo o fine, non c\u2019\u00e8 suspense, n\u00e9 morale, n\u00e9 cause ed effetti.\u201d Questa frase pu\u00f2 essere intesa come il leitmotiv del mondo naturale e biologico, del modo in cui esso si sviluppa e manifesta. La videoinstallazione a due canali, pone l&#8217;accento sul senso di attesa e incombenza (dal latino incumbere, posare sopra) che la natura a volte suscita. Essa risponde solo al caso e alla propria necessit\u00e0, \u00e8 per definizione imprevedibile e come tale, incombente su di noi.<\/p>\n\n\n\n<p>La videoinstallazione collega in un\u2019unica esperienza i due ambienti della galleria, comunicanti mediante una scala. La lenta rotazione dell\u2019asteroide al piano terra ha come traccia audio registrazioni effettuate tramite microfoni di profondit\u00e0 negli abissi dell\u2019oceano Atlantico e Pacifico. Nel piano interrato il sonoro \u00e8 composto dalla rielaborazione (per renderle udibili) delle onde radio captate nello spazio da alcune delle sonde inviate dalla NASA su pianeti remoti del nostro sistema solare.<br>\nIl primo video \u00e8 uno sguardo che dall\u2019alto scruta verso il basso, mostrando parti pi\u00f9 o meno definite della superficie terrestre, mentre al piano inferiore le inquadrature hanno visuale dal basso verso l\u2019alto. Percorrendo la scala che unisce i due spazi, sentiamo le due tracce audio confondersi e gli sguardi delle due proiezioni, almeno idealmente, si incrociano.<br>\nLe registrazioni sottomarine utilizzate sono molto diffuse e peculiari per non essere ancora state con certezza identificate. Si tratta di suoni catturati spesso da postazioni molto distanti, anche ai capi opposti dell\u2019oceano. Ci\u00f2 fa supporre fenomeni di portata molto ampia ma le cause di queste onde sonore restano sconosciute. Al contrario, le emissioni radio spaziali registrate nelle vicinanze di Giove e Saturno dalle sonde Voyager e Cassini, sono identificate con precisione e corrispondono a fenomeni naturali come aurore boreali o passaggi attraverso il campo magnetico di un pianeta, confrontabili ed assimilabili ad analoghi fenomeni gi\u00e0 rilevati sulla terra.<\/p>\n<\/div>\n\n\n\n<div class=\"wp-block-column is-layout-flow wp-block-column-is-layout-flow\">\n<p>The title of this work is a quotation from Slaughterhouse Five, a novel by Kurt Vonnegut. &#8220;There is no beginning, no middle, no end, no suspense, no moral, nor causes, no effects.&#8221; This sentence can be used as a leitmotiv for the biological and natural world development. The dual channel video installation emphasizes on the waiting and impending awareness that nature can arouse sometimes. It answers only to randomness and to its own needs, it&#8217;s erratic and unpredictable, incumbent on us (from Latin, present participle of incumbere, to lean upon).<\/p>\n\n\n\n<p>The video installation is staged in two rooms, connected by a staircase. The soundtrack of the slow asteroid rotation on the first floor is a series of scientific sound recordings taken with underwater hydrophones in the Atlantic and Pacific oceans. In the basement floor, the audio track is composed of re-processed radio waves recorded by NASA deep-space probes orbiting around remote planets of our Solar System.<br>\nThe first video has high-angled shots, from Space to Earth, showing various cuts from the Earth surface, while the basement video is composed of low angle shots, looking upwards, from the Earth to the sky. On walking down the stairs that connect the floors, the audio tracks merge and blend together, so that, at least ideally, these two opposite shots intersect each other.<br>\nThe deep-water recordings used here are known because they haven\u2019t been identified yet. These sounds are often captured by hydrophones placed at great distances from one another, even at opposite ends of the Pacific Ocean. In time, this has led to assumptions on the large-scale origin of this still unknown phenomenon. On the contrary, the radio emissions recorded near Jupiter and Saturn by Voyager and Cassini deep-space probes were identified with utter precision: they had to do with natural events such as aurora borealis or passages through the magnetic field of a planet, comparable to known terrestrial phenomena.<\/p>\n<\/div>\n<\/div>\n","protected":false},"excerpt":{"rendered":"<p>non c&#8217;\u00e8 suspense, n\u00e9 morale, n\u00e9 cause ed effetti non c&#8217;\u00e8 suspense, n\u00e9 morale, n\u00e9 cause ed effetti, 2010two channel HD video installation, 3d computer graphics, stereo sound. La frase che d\u00e0 il titolo a questo progetto \u00e8 una citazione dal romanzo Mattatoio n.5 di Kurt Vonnegut: \u201cNon c\u2019\u00e8 principio,&hellip; <\/p>\n","protected":false},"author":1,"featured_media":0,"parent":0,"menu_order":0,"comment_status":"closed","ping_status":"closed","template":"","meta":{"_monsterinsights_skip_tracking":false,"_monsterinsights_sitenote_active":false,"_monsterinsights_sitenote_note":"","_monsterinsights_sitenote_category":0,"footnotes":""},"class_list":["post-311","page","type-page","status-publish","hentry"],"_links":{"self":[{"href":"https:\/\/diegozuelli.it\/index.php?rest_route=\/wp\/v2\/pages\/311","targetHints":{"allow":["GET"]}}],"collection":[{"href":"https:\/\/diegozuelli.it\/index.php?rest_route=\/wp\/v2\/pages"}],"about":[{"href":"https:\/\/diegozuelli.it\/index.php?rest_route=\/wp\/v2\/types\/page"}],"author":[{"embeddable":true,"href":"https:\/\/diegozuelli.it\/index.php?rest_route=\/wp\/v2\/users\/1"}],"replies":[{"embeddable":true,"href":"https:\/\/diegozuelli.it\/index.php?rest_route=%2Fwp%2Fv2%2Fcomments&post=311"}],"version-history":[{"count":2,"href":"https:\/\/diegozuelli.it\/index.php?rest_route=\/wp\/v2\/pages\/311\/revisions"}],"predecessor-version":[{"id":355,"href":"https:\/\/diegozuelli.it\/index.php?rest_route=\/wp\/v2\/pages\/311\/revisions\/355"}],"wp:attachment":[{"href":"https:\/\/diegozuelli.it\/index.php?rest_route=%2Fwp%2Fv2%2Fmedia&parent=311"}],"curies":[{"name":"wp","href":"https:\/\/api.w.org\/{rel}","templated":true}]}}