{"id":342,"date":"2019-02-03T18:35:47","date_gmt":"2019-02-03T18:35:47","guid":{"rendered":"https:\/\/diegozuelli.it\/?page_id=342"},"modified":"2019-02-03T18:35:50","modified_gmt":"2019-02-03T18:35:50","slug":"8-minuti-luce-2016-2-2-2-2-2-2","status":"publish","type":"page","link":"https:\/\/diegozuelli.it\/?page_id=342","title":{"rendered":"3000 esposizioni ultrarapide (2002)"},"content":{"rendered":"\n<h2 class=\"wp-block-heading\"> <strong><em>3000 esposizioni ultrarapide<\/em><\/strong> <\/h2>\n\n\n\n<figure class=\"wp-block-image\"><img loading=\"lazy\" decoding=\"async\" width=\"1024\" height=\"819\" src=\"https:\/\/diegozuelli.it\/wp-content\/uploads\/2019\/02\/3000espultrA-1024x819.jpg\" alt=\"\" class=\"wp-image-344\" srcset=\"https:\/\/diegozuelli.it\/wp-content\/uploads\/2019\/02\/3000espultrA-1024x819.jpg 1024w, https:\/\/diegozuelli.it\/wp-content\/uploads\/2019\/02\/3000espultrA-300x240.jpg 300w, https:\/\/diegozuelli.it\/wp-content\/uploads\/2019\/02\/3000espultrA-768x614.jpg 768w, https:\/\/diegozuelli.it\/wp-content\/uploads\/2019\/02\/3000espultrA.jpg 1500w\" sizes=\"auto, (max-width: 1024px) 100vw, 1024px\" \/><\/figure>\n\n\n\n<p style=\"font-size:10px\" class=\"didascalia\"><strong><em>3000 esposizioni ultrarapide<\/em><\/strong>, 2002<br>computer graphics, videoprojection, DVD, 2&#8242; (loop) &#8211; (2009 HD Blu-Ray remastering)<\/p>\n\n\n\n<div class=\"wp-block-columns has-2-columns is-layout-flex wp-container-core-columns-is-layout-9d6595d7 wp-block-columns-is-layout-flex\">\n<div class=\"wp-block-column is-layout-flow wp-block-column-is-layout-flow\">\n<p>&#8221; [\u2026] Non si \u00e8 vista la Terra n\u00e9 qualcosa di essa se la si \u00e8 vista senza abbandonare il suo movimento. Bisogna girare pi\u00f9 velocemente e meno diversamente da lei; lasciar fuggire quel campanile, raggiungerlo, spostarlo, rimetterlo fra le colline che si aprono, nel girotondo dei pioppi che giocano ai quattro cantoni&#8221; [\u2026]<\/p>\n\n\n\n<p>(Jean Epstein)<\/p>\n<\/div>\n\n\n\n<div class=\"wp-block-column is-layout-flow wp-block-column-is-layout-flow\">\n<p>This video work revolves around the way we perceive the perspective illusion so common in art since Renaissance. The camera slowly spins around an hollow landscape, showing only thousands of round bales then, from the left, a populus tree comes in. Suddenly, every aspect of this perspective-hints-filled landscape is different: the image switched us to a new way of looking at it, since a new kind of shape has been introduced, giving the view a completely different visual equilibrium.<\/p>\n\n\n\n<p><em>\u201cWe haven\u2019t seen Earth, nor anything of it, if we\u2019ve seen it without letting go of its movement. We need to move quicker and more like it; letting that bell tower flee, reaching it, moving it, putting it back among the hills opening out, in the poplars round dance, playing hide-and-seek\u201d<\/em><br> (Jean Epstein)<\/p>\n<\/div>\n<\/div>\n\n\n\n<p style=\"font-size:9px\">installation view:<\/p>\n\n\n\n<div class=\"wp-block-columns has-2-columns is-layout-flex wp-container-core-columns-is-layout-9d6595d7 wp-block-columns-is-layout-flex\">\n<div class=\"wp-block-column is-layout-flow wp-block-column-is-layout-flow\">\n<figure class=\"wp-block-image\"><img loading=\"lazy\" decoding=\"async\" width=\"640\" height=\"445\" src=\"https:\/\/diegozuelli.it\/wp-content\/uploads\/2019\/01\/3000_B.jpg\" alt=\"\" class=\"wp-image-47\" srcset=\"https:\/\/diegozuelli.it\/wp-content\/uploads\/2019\/01\/3000_B.jpg 640w, https:\/\/diegozuelli.it\/wp-content\/uploads\/2019\/01\/3000_B-300x209.jpg 300w\" sizes=\"auto, (max-width: 640px) 100vw, 640px\" \/><\/figure>\n<\/div>\n\n\n\n<div class=\"wp-block-column is-layout-flow wp-block-column-is-layout-flow\"><\/div>\n<\/div>\n","protected":false},"excerpt":{"rendered":"<p>3000 esposizioni ultrarapide 3000 esposizioni ultrarapide, 2002computer graphics, videoprojection, DVD, 2&#8242; (loop) &#8211; (2009 HD Blu-Ray remastering) &#8221; [\u2026] Non si \u00e8 vista la Terra n\u00e9 qualcosa di essa se la si \u00e8 vista senza abbandonare il suo movimento. Bisogna girare pi\u00f9 velocemente e meno diversamente da lei; lasciar fuggire&hellip; <\/p>\n","protected":false},"author":1,"featured_media":0,"parent":0,"menu_order":0,"comment_status":"closed","ping_status":"closed","template":"","meta":{"_monsterinsights_skip_tracking":false,"_monsterinsights_sitenote_active":false,"_monsterinsights_sitenote_note":"","_monsterinsights_sitenote_category":0,"footnotes":""},"class_list":["post-342","page","type-page","status-publish","hentry"],"_links":{"self":[{"href":"https:\/\/diegozuelli.it\/index.php?rest_route=\/wp\/v2\/pages\/342","targetHints":{"allow":["GET"]}}],"collection":[{"href":"https:\/\/diegozuelli.it\/index.php?rest_route=\/wp\/v2\/pages"}],"about":[{"href":"https:\/\/diegozuelli.it\/index.php?rest_route=\/wp\/v2\/types\/page"}],"author":[{"embeddable":true,"href":"https:\/\/diegozuelli.it\/index.php?rest_route=\/wp\/v2\/users\/1"}],"replies":[{"embeddable":true,"href":"https:\/\/diegozuelli.it\/index.php?rest_route=%2Fwp%2Fv2%2Fcomments&post=342"}],"version-history":[{"count":1,"href":"https:\/\/diegozuelli.it\/index.php?rest_route=\/wp\/v2\/pages\/342\/revisions"}],"predecessor-version":[{"id":345,"href":"https:\/\/diegozuelli.it\/index.php?rest_route=\/wp\/v2\/pages\/342\/revisions\/345"}],"wp:attachment":[{"href":"https:\/\/diegozuelli.it\/index.php?rest_route=%2Fwp%2Fv2%2Fmedia&parent=342"}],"curies":[{"name":"wp","href":"https:\/\/api.w.org\/{rel}","templated":true}]}}